{"id":29656,"date":"2020-12-17T18:17:47","date_gmt":"2020-12-17T18:17:47","guid":{"rendered":"https:\/\/the7.io\/elementor-creative-light\/?page_id=29656"},"modified":"2024-12-15T16:00:20","modified_gmt":"2024-12-15T13:00:20","slug":"terms-and-conditions","status":"publish","type":"page","link":"https:\/\/glion.com.tr\/en\/terms-and-conditions\/","title":{"rendered":"Terms and conditions"},"content":{"rendered":"<div data-elementor-type=\"wp-page\" data-elementor-id=\"29656\" class=\"elementor elementor-29656\" data-elementor-post-type=\"page\">\n\t\t\t\t\t\t<section class=\"elementor-section elementor-top-section elementor-element elementor-element-8d74239 elementor-section-boxed elementor-section-height-default elementor-section-height-default\" data-id=\"8d74239\" data-element_type=\"section\">\n\t\t\t\t\t\t<div class=\"elementor-container elementor-column-gap-wide\">\n\t\t\t\t\t<div class=\"elementor-column elementor-col-100 elementor-top-column elementor-element elementor-element-56f82ee\" data-id=\"56f82ee\" data-element_type=\"column\">\n\t\t\t<div class=\"elementor-widget-wrap elementor-element-populated\">\n\t\t\t\t\t\t<div class=\"elementor-element elementor-element-b8db4e9 elementor-widget elementor-widget-text-editor\" data-id=\"b8db4e9\" data-element_type=\"widget\" data-widget_type=\"text-editor.default\">\n\t\t\t\t<div class=\"elementor-widget-container\">\n\t\t\t\t\t\t\t<h2><strong>Yorumlama ve Tan\u0131mlar<\/strong><\/h2><h3><strong>Yorumlama<\/strong><\/h3><p>Ba\u015f harfi b\u00fcy\u00fck yaz\u0131lan kelimeler, a\u015fa\u011f\u0131da belirtilen tan\u0131mlar do\u011frultusunda kullan\u0131lacakt\u0131r. Bu tan\u0131mlar, tekil veya \u00e7o\u011ful olarak kullan\u0131ld\u0131klar\u0131nda ayn\u0131 anlam\u0131 ta\u015f\u0131r.<\/p><h3><strong>Tan\u0131mlar<\/strong><\/h3><p>Bu \u015eartlar ve Ko\u015fullar kapsam\u0131nda:<\/p><ul><li><strong>Ba\u011fl\u0131 Kurulu\u015f<\/strong>: Bir taraf\u0131 kontrol eden, o taraf taraf\u0131ndan kontrol edilen veya ortak kontrol alt\u0131nda olan kurulu\u015f anlam\u0131na gelir. &#8220;Kontrol&#8221;, %50 veya daha fazla hisse, sermaye veya di\u011fer oy hakk\u0131 sa\u011flayan menfaatlere sahip olmay\u0131 ifade eder.<\/li><li><strong>\u00dclke<\/strong>: <strong>T\u00fcrkiye Cumhuriyeti<\/strong><\/li><li><strong>\u015eirket<\/strong> (bu S\u00f6zle\u015fme&#8217;de &#8220;\u015eirket&#8221;, &#8220;Biz&#8221;, &#8220;Bize&#8221; veya &#8220;Bizim&#8221; olarak an\u0131lacakt\u0131r): <strong>Glion Pharma \u0130la\u00e7 ve Sa\u011fl\u0131k San. Tic. A.\u015e.<\/strong>, <strong><a href=\"https:\/\/glion.com.tr\/en\/\" target=\"_new\" rel=\"noopener\">www.glion.com.tr<\/a><\/strong> adresinde faaliyet g\u00f6stermektedir.<\/li><li><strong>Cihaz<\/strong>: Hizmete eri\u015fim sa\u011flayabilen bir bilgisayar, cep telefonu veya dijital tablet gibi herhangi bir cihaz anlam\u0131na gelir.<\/li><li><strong>Hizmet<\/strong>: <strong>Web Sitesi<\/strong> anlam\u0131na gelir.<\/li><li><strong>\u015eartlar ve Ko\u015fullar<\/strong> (&#8220;\u015eartlar&#8221;), Sizinle \u015eirket aras\u0131nda Hizmetin kullan\u0131m\u0131 ile ilgili anla\u015fmay\u0131 olu\u015fturan bu h\u00fck\u00fcm ve ko\u015fullar\u0131 ifade eder.<\/li><li><strong>\u00dc\u00e7\u00fcnc\u00fc Taraf Sosyal Medya Hizmeti<\/strong>: Hizmet taraf\u0131ndan g\u00f6r\u00fcnt\u00fclenebilen, dahil edilebilen veya sunulan \u00fc\u00e7\u00fcnc\u00fc taraflara ait hizmetler veya i\u00e7eriklerdir (veri, bilgi, \u00fcr\u00fcn veya hizmetler dahil).<\/li><li><strong>Web Sitesi<\/strong>: <strong>Glion Pharma<\/strong>, <strong><a href=\"https:\/\/glion.com.tr\/en\/\" target=\"_new\" rel=\"noopener\">www.glion.com.tr<\/a><\/strong> adresinden eri\u015filebilen web sitesidir.<\/li><li><strong>Kullan\u0131c\u0131 (&#8220;Siz&#8221;)<\/strong>: Hizmete eri\u015fen veya kullanan birey ya da bu bireyin ad\u0131na hareket etti\u011fi \u015firket veya di\u011fer t\u00fczel ki\u015filik anlam\u0131na gelir.<\/li><\/ul><hr \/><h2><strong>Kabul ve Onay<\/strong><\/h2><p>Bu \u015eartlar ve Ko\u015fullar, Hizmetin kullan\u0131m\u0131 ve eri\u015fimi ile ilgili olarak Sizinle \u015eirket aras\u0131nda ge\u00e7erli olan bir s\u00f6zle\u015fmedir. Bu \u015eartlar, t\u00fcm ziyaret\u00e7iler, kullan\u0131c\u0131lar ve di\u011fer eri\u015fim sa\u011flayan ki\u015filer i\u00e7in ge\u00e7erlidir.<\/p><p>Hizmete eri\u015ferek veya Hizmeti kullanarak bu \u015eartlar ve Ko\u015fullara ba\u011fl\u0131 kalmay\u0131 kabul etmi\u015f olursunuz. Bu \u015eartlar\u0131n herhangi bir k\u0131sm\u0131n\u0131 kabul etmiyorsan\u0131z, Hizmete eri\u015fim sa\u011flamamal\u0131s\u0131n\u0131z.<\/p><p>18 ya\u015f\u0131ndan b\u00fcy\u00fckseniz Hizmeti kullanabilece\u011finizi beyan edersiniz. \u015eirket, 18 ya\u015f\u0131n alt\u0131ndaki ki\u015filerin Hizmeti kullanmas\u0131na izin vermez.<\/p><p>Hizmete eri\u015fiminiz ve kullan\u0131m\u0131z, \u015eirketin <strong>Gizlilik Politikas\u0131<\/strong>\u2019na da tabiidir. Gizlilik Politikam\u0131z, ki\u015fisel bilgilerinizin toplanmas\u0131, kullan\u0131lmas\u0131 ve if\u015fa edilmesine dair politikalar\u0131m\u0131z\u0131 a\u00e7\u0131klar. L\u00fctfen Hizmetimizi kullanmadan \u00f6nce Gizlilik Politikam\u0131z\u0131 dikkatlice okuyunuz.<\/p><hr \/><h2><strong>Di\u011fer Web Sitelerine Ba\u011flant\u0131lar<\/strong><\/h2><p>Hizmetimiz, \u015eirketin sahip olmad\u0131\u011f\u0131 veya kontrol etmedi\u011fi \u00fc\u00e7\u00fcnc\u00fc taraf web sitelerine veya hizmetlerine ba\u011flant\u0131lar i\u00e7erebilir.<\/p><p>\u015eirket, bu t\u00fcr \u00fc\u00e7\u00fcnc\u00fc taraf web sitelerinin veya hizmetlerinin i\u00e7eri\u011fi, gizlilik politikalar\u0131 veya uygulamalar\u0131 \u00fczerinde kontrol sahibi de\u011fildir ve sorumluluk kabul etmez. Bu t\u00fcr web siteleri veya hizmetlerin kullan\u0131m\u0131 nedeniyle olu\u015fabilecek zarar veya kay\u0131plardan \u015eirket sorumlu de\u011fildir.<\/p><p>Herhangi bir \u00fc\u00e7\u00fcnc\u00fc taraf web sitesini ziyaret etmeden \u00f6nce, o web sitesinin <strong>\u015eartlar ve Ko\u015fullar\u0131<\/strong> ve <strong>Gizlilik Politikalar\u0131n\u0131<\/strong> okuman\u0131z\u0131 \u00f6neririz.<\/p><hr \/><h2><strong>Fesih<\/strong><\/h2><p>\u015eirket, tamamen kendi takdirine ba\u011fl\u0131 olarak, \u00f6nceden bildirimde bulunmaks\u0131z\u0131n Hizmete eri\u015fiminizi herhangi bir nedenle derhal sona erdirebilir veya ask\u0131ya alabilir.<\/p><p>Fesih durumunda, Hizmeti kullanma hakk\u0131n\u0131z derhal sona erecektir.<\/p><hr \/><h2><strong>Sorumlulu\u011fun S\u0131n\u0131rland\u0131r\u0131lmas\u0131<\/strong><\/h2><p>Y\u00fcr\u00fcrl\u00fckteki yasalar\u0131n izin verdi\u011fi azami \u00f6l\u00e7\u00fcde, \u015eirket, dolayl\u0131, ar\u0131zi, \u00f6zel veya sonu\u00e7 olarak ortaya \u00e7\u0131kan zararlar dahil olmak \u00fczere hi\u00e7bir zarardan sorumlu de\u011fildir.<\/p><p>Bu sorumluluk s\u0131n\u0131rlamalar\u0131, yaln\u0131zca T\u00fcrk hukukunun izin verdi\u011fi \u00f6l\u00e7\u00fcde uygulan\u0131r.<\/p><hr \/><h2><strong>&#8220;OLDU\u011eU G\u0130B\u0130&#8221; ve &#8220;MEVCUT DURUMDA&#8221; Feragatnamesi<\/strong><\/h2><p>Hizmet, &#8220;OLDU\u011eU G\u0130B\u0130&#8221; ve &#8220;MEVCUT DURUMDA&#8221; sa\u011flanmaktad\u0131r ve \u015eirket, Hizmetin hatas\u0131z veya kesintisiz olaca\u011f\u0131na dair a\u00e7\u0131k veya z\u0131mni hi\u00e7bir garanti vermez.<\/p><p>\u015eirket, \u00fc\u00e7\u00fcnc\u00fc taraflarca sa\u011flanan hizmetler, vir\u00fcsler, k\u00f6t\u00fc ama\u00e7l\u0131 yaz\u0131l\u0131mlar veya di\u011fer zararl\u0131 bile\u015fenler nedeniyle olu\u015fabilecek zararlardan sorumlu de\u011fildir.<\/p><hr \/><h2><strong>Ge\u00e7erli Hukuk<\/strong><\/h2><p>Bu \u015eartlar ve Ko\u015fullar, T\u00fcrkiye Cumhuriyeti yasalar\u0131na tabidir ve bu yasalara g\u00f6re yorumlanacakt\u0131r.<\/p><hr \/><h2><strong>Uyu\u015fmazl\u0131klar\u0131n \u00c7\u00f6z\u00fcm\u00fc<\/strong><\/h2><p>Herhangi bir endi\u015feniz veya anla\u015fmazl\u0131\u011f\u0131n\u0131z varsa, \u00f6ncelikle \u015eirket ile a\u015fa\u011f\u0131daki ileti\u015fim bilgileri \u00fczerinden ileti\u015fime ge\u00e7erek durumu \u00e7\u00f6zmeyi kabul edersiniz:<\/p><p><strong>E-posta<\/strong>: <a rel=\"noopener\">info@glion.com.tr<\/a><\/p><hr \/><h2><strong>B\u00f6l\u00fcnebilirlik<\/strong><\/h2><p>Bu \u015eartlar\u2019\u0131n herhangi bir h\u00fckm\u00fc ge\u00e7ersiz veya uygulanamaz hale gelirse, bu h\u00fck\u00fcm y\u00fcr\u00fcrl\u00fckteki yasalara uygun \u015fekilde de\u011fi\u015ftirilecek ve kalan h\u00fck\u00fcmler tam olarak y\u00fcr\u00fcrl\u00fckte kalacakt\u0131r.<\/p><hr \/><h2><strong>De\u011fi\u015fiklikler<\/strong><\/h2><p>\u015eirket, bu \u015eartlar\u0131 istedi\u011fi zaman de\u011fi\u015ftirme veya g\u00fcncelleme hakk\u0131n\u0131 sakl\u0131 tutar. De\u011fi\u015fikliklerin \u00f6nemli olmas\u0131 durumunda, de\u011fi\u015fikliklerin y\u00fcr\u00fcrl\u00fc\u011fe girmesinden en az 30 g\u00fcn \u00f6nce bildirimde bulunulacakt\u0131r.<\/p><p>De\u011fi\u015ftirilen \u015eartlara ba\u011fl\u0131 kalmay\u0131 kabul etmiyorsan\u0131z, Hizmeti kullanmay\u0131 b\u0131rakmal\u0131s\u0131n\u0131z.<\/p><hr \/><h2><strong>Contact<\/strong><\/h2><p>Bu \u015eartlar ve Ko\u015fullar hakk\u0131nda herhangi bir sorunuz varsa, bizimle ileti\u015fime ge\u00e7ebilirsiniz:<\/p><p><strong>E-posta<\/strong>: <a rel=\"noopener\">info@glion.com.tr<\/a><br \/><strong>Web Sitesi<\/strong>: <a href=\"https:\/\/glion.com.tr\/en\/\" target=\"_new\" rel=\"noopener\">www.glion.com.tr<\/a><\/p>\t\t\t\t\t\t<\/div>\n\t\t\t\t<\/div>\n\t\t\t\t\t<\/div>\n\t\t<\/div>\n\t\t\t\t\t<\/div>\n\t\t<\/section>\n\t\t\t\t<\/div>","protected":false},"excerpt":{"rendered":"<p>Yorumlama ve Tan\u0131mlar Yorumlama Ba\u015f harfi b\u00fcy\u00fck yaz\u0131lan kelimeler, a\u015fa\u011f\u0131da belirtilen tan\u0131mlar do\u011frultusunda kullan\u0131lacakt\u0131r. Bu tan\u0131mlar, tekil veya \u00e7o\u011ful olarak kullan\u0131ld\u0131klar\u0131nda ayn\u0131 anlam\u0131 ta\u015f\u0131r. Tan\u0131mlar Bu \u015eartlar ve Ko\u015fullar kapsam\u0131nda: Ba\u011fl\u0131 Kurulu\u015f: Bir taraf\u0131 kontrol eden, o taraf taraf\u0131ndan kontrol edilen veya ortak kontrol alt\u0131nda olan kurulu\u015f anlam\u0131na gelir. &#8220;Kontrol&#8221;, %50 veya daha fazla hisse,&hellip;<\/p>","protected":false},"author":2,"featured_media":0,"parent":0,"menu_order":70,"comment_status":"closed","ping_status":"closed","template":"","meta":{"footnotes":""},"class_list":["post-29656","page","type-page","status-publish","hentry"],"yoast_head":"<!-- This site is optimized with the Yoast SEO plugin v27.0 - https:\/\/yoast.com\/product\/yoast-seo-wordpress\/ -->\n<title>\u015eartlar ve ko\u015fullar - Glion Pharma<\/title>\n<meta name=\"robots\" content=\"index, follow, max-snippet:-1, max-image-preview:large, max-video-preview:-1\" \/>\n<link rel=\"canonical\" href=\"https:\/\/glion.com.tr\/en\/terms-and-conditions\/\" \/>\n<meta property=\"og:locale\" content=\"en_US\" \/>\n<meta property=\"og:type\" content=\"article\" \/>\n<meta property=\"og:title\" content=\"\u015eartlar ve ko\u015fullar - Glion Pharma\" \/>\n<meta property=\"og:description\" content=\"Yorumlama ve Tan\u0131mlar Yorumlama Ba\u015f harfi b\u00fcy\u00fck yaz\u0131lan kelimeler, a\u015fa\u011f\u0131da belirtilen tan\u0131mlar do\u011frultusunda kullan\u0131lacakt\u0131r. Bu tan\u0131mlar, tekil veya \u00e7o\u011ful olarak kullan\u0131ld\u0131klar\u0131nda ayn\u0131 anlam\u0131 ta\u015f\u0131r. Tan\u0131mlar Bu \u015eartlar ve Ko\u015fullar kapsam\u0131nda: Ba\u011fl\u0131 Kurulu\u015f: Bir taraf\u0131 kontrol eden, o taraf taraf\u0131ndan kontrol edilen veya ortak kontrol alt\u0131nda olan kurulu\u015f anlam\u0131na gelir. &#8220;Kontrol&#8221;, %50 veya daha fazla hisse,&hellip;\" \/>\n<meta property=\"og:url\" content=\"https:\/\/glion.com.tr\/en\/terms-and-conditions\/\" \/>\n<meta property=\"og:site_name\" content=\"Glion Pharma\" \/>\n<meta property=\"article:modified_time\" content=\"2024-12-15T13:00:20+00:00\" \/>\n<meta name=\"twitter:card\" content=\"summary_large_image\" \/>\n<meta name=\"twitter:label1\" content=\"Est. reading time\" \/>\n\t<meta name=\"twitter:data1\" content=\"4 minutes\" \/>\n<script type=\"application\/ld+json\" class=\"yoast-schema-graph\">{\"@context\":\"https:\/\/schema.org\",\"@graph\":[{\"@type\":\"WebPage\",\"@id\":\"https:\/\/glion.com.tr\/terms-and-conditions\/\",\"url\":\"https:\/\/glion.com.tr\/terms-and-conditions\/\",\"name\":\"\u015eartlar ve ko\u015fullar - Glion Pharma\",\"isPartOf\":{\"@id\":\"https:\/\/glion.com.tr\/#website\"},\"datePublished\":\"2020-12-17T18:17:47+00:00\",\"dateModified\":\"2024-12-15T13:00:20+00:00\",\"breadcrumb\":{\"@id\":\"https:\/\/glion.com.tr\/terms-and-conditions\/#breadcrumb\"},\"inLanguage\":\"en-US\",\"potentialAction\":[{\"@type\":\"ReadAction\",\"target\":[\"https:\/\/glion.com.tr\/terms-and-conditions\/\"]}]},{\"@type\":\"BreadcrumbList\",\"@id\":\"https:\/\/glion.com.tr\/terms-and-conditions\/#breadcrumb\",\"itemListElement\":[{\"@type\":\"ListItem\",\"position\":1,\"name\":\"Anasayfa\",\"item\":\"https:\/\/glion.com.tr\/\"},{\"@type\":\"ListItem\",\"position\":2,\"name\":\"\u015eartlar ve ko\u015fullar\"}]},{\"@type\":\"WebSite\",\"@id\":\"https:\/\/glion.com.tr\/#website\",\"url\":\"https:\/\/glion.com.tr\/\",\"name\":\"Glion Pharma\",\"description\":\"\",\"publisher\":{\"@id\":\"https:\/\/glion.com.tr\/#organization\"},\"potentialAction\":[{\"@type\":\"SearchAction\",\"target\":{\"@type\":\"EntryPoint\",\"urlTemplate\":\"https:\/\/glion.com.tr\/?s={search_term_string}\"},\"query-input\":{\"@type\":\"PropertyValueSpecification\",\"valueRequired\":true,\"valueName\":\"search_term_string\"}}],\"inLanguage\":\"en-US\"},{\"@type\":\"Organization\",\"@id\":\"https:\/\/glion.com.tr\/#organization\",\"name\":\"Glion Pharma\",\"url\":\"https:\/\/glion.com.tr\/\",\"logo\":{\"@type\":\"ImageObject\",\"inLanguage\":\"en-US\",\"@id\":\"https:\/\/glion.com.tr\/#\/schema\/logo\/image\/\",\"url\":\"https:\/\/glion.com.tr\/wp-content\/uploads\/2024\/09\/glion-logo-356x139_3.png\",\"contentUrl\":\"https:\/\/glion.com.tr\/wp-content\/uploads\/2024\/09\/glion-logo-356x139_3.png\",\"width\":356,\"height\":139,\"caption\":\"Glion Pharma\"},\"image\":{\"@id\":\"https:\/\/glion.com.tr\/#\/schema\/logo\/image\/\"},\"sameAs\":[\"https:\/\/www.instagram.com\/glionturkiye\/\",\"https:\/\/www.linkedin.com\/company\/glion-pharma\/\"]}]}<\/script>\n<!-- \/ Yoast SEO plugin. -->","yoast_head_json":{"title":"\u015eartlar ve ko\u015fullar - Glion Pharma","robots":{"index":"index","follow":"follow","max-snippet":"max-snippet:-1","max-image-preview":"max-image-preview:large","max-video-preview":"max-video-preview:-1"},"canonical":"https:\/\/glion.com.tr\/en\/terms-and-conditions\/","og_locale":"en_US","og_type":"article","og_title":"\u015eartlar ve ko\u015fullar - Glion Pharma","og_description":"Yorumlama ve Tan\u0131mlar Yorumlama Ba\u015f harfi b\u00fcy\u00fck yaz\u0131lan kelimeler, a\u015fa\u011f\u0131da belirtilen tan\u0131mlar do\u011frultusunda kullan\u0131lacakt\u0131r. Bu tan\u0131mlar, tekil veya \u00e7o\u011ful olarak kullan\u0131ld\u0131klar\u0131nda ayn\u0131 anlam\u0131 ta\u015f\u0131r. Tan\u0131mlar Bu \u015eartlar ve Ko\u015fullar kapsam\u0131nda: Ba\u011fl\u0131 Kurulu\u015f: Bir taraf\u0131 kontrol eden, o taraf taraf\u0131ndan kontrol edilen veya ortak kontrol alt\u0131nda olan kurulu\u015f anlam\u0131na gelir. &#8220;Kontrol&#8221;, %50 veya daha fazla hisse,&hellip;","og_url":"https:\/\/glion.com.tr\/en\/terms-and-conditions\/","og_site_name":"Glion Pharma","article_modified_time":"2024-12-15T13:00:20+00:00","twitter_card":"summary_large_image","twitter_misc":{"Est. reading time":"4 minutes"},"schema":{"@context":"https:\/\/schema.org","@graph":[{"@type":"WebPage","@id":"https:\/\/glion.com.tr\/terms-and-conditions\/","url":"https:\/\/glion.com.tr\/terms-and-conditions\/","name":"\u015eartlar ve ko\u015fullar - Glion Pharma","isPartOf":{"@id":"https:\/\/glion.com.tr\/#website"},"datePublished":"2020-12-17T18:17:47+00:00","dateModified":"2024-12-15T13:00:20+00:00","breadcrumb":{"@id":"https:\/\/glion.com.tr\/terms-and-conditions\/#breadcrumb"},"inLanguage":"en-US","potentialAction":[{"@type":"ReadAction","target":["https:\/\/glion.com.tr\/terms-and-conditions\/"]}]},{"@type":"BreadcrumbList","@id":"https:\/\/glion.com.tr\/terms-and-conditions\/#breadcrumb","itemListElement":[{"@type":"ListItem","position":1,"name":"Anasayfa","item":"https:\/\/glion.com.tr\/"},{"@type":"ListItem","position":2,"name":"\u015eartlar ve ko\u015fullar"}]},{"@type":"WebSite","@id":"https:\/\/glion.com.tr\/#website","url":"https:\/\/glion.com.tr\/","name":"Glion Pharma","description":"","publisher":{"@id":"https:\/\/glion.com.tr\/#organization"},"potentialAction":[{"@type":"SearchAction","target":{"@type":"EntryPoint","urlTemplate":"https:\/\/glion.com.tr\/?s={search_term_string}"},"query-input":{"@type":"PropertyValueSpecification","valueRequired":true,"valueName":"search_term_string"}}],"inLanguage":"en-US"},{"@type":"Organization","@id":"https:\/\/glion.com.tr\/#organization","name":"Glion Pharma","url":"https:\/\/glion.com.tr\/","logo":{"@type":"ImageObject","inLanguage":"en-US","@id":"https:\/\/glion.com.tr\/#\/schema\/logo\/image\/","url":"https:\/\/glion.com.tr\/wp-content\/uploads\/2024\/09\/glion-logo-356x139_3.png","contentUrl":"https:\/\/glion.com.tr\/wp-content\/uploads\/2024\/09\/glion-logo-356x139_3.png","width":356,"height":139,"caption":"Glion Pharma"},"image":{"@id":"https:\/\/glion.com.tr\/#\/schema\/logo\/image\/"},"sameAs":["https:\/\/www.instagram.com\/glionturkiye\/","https:\/\/www.linkedin.com\/company\/glion-pharma\/"]}]}},"_links":{"self":[{"href":"https:\/\/glion.com.tr\/en\/wp-json\/wp\/v2\/pages\/29656","targetHints":{"allow":["GET"]}}],"collection":[{"href":"https:\/\/glion.com.tr\/en\/wp-json\/wp\/v2\/pages"}],"about":[{"href":"https:\/\/glion.com.tr\/en\/wp-json\/wp\/v2\/types\/page"}],"author":[{"embeddable":true,"href":"https:\/\/glion.com.tr\/en\/wp-json\/wp\/v2\/users\/2"}],"replies":[{"embeddable":true,"href":"https:\/\/glion.com.tr\/en\/wp-json\/wp\/v2\/comments?post=29656"}],"version-history":[{"count":4,"href":"https:\/\/glion.com.tr\/en\/wp-json\/wp\/v2\/pages\/29656\/revisions"}],"predecessor-version":[{"id":87313,"href":"https:\/\/glion.com.tr\/en\/wp-json\/wp\/v2\/pages\/29656\/revisions\/87313"}],"wp:attachment":[{"href":"https:\/\/glion.com.tr\/en\/wp-json\/wp\/v2\/media?parent=29656"}],"curies":[{"name":"wp","href":"https:\/\/api.w.org\/{rel}","templated":true}]}}